{"id":11,"date":"2025-07-15T01:40:34","date_gmt":"2025-07-15T01:40:34","guid":{"rendered":"https:\/\/rutadelvino.proximamente.mx\/add-listing\/"},"modified":"2026-02-25T11:26:04","modified_gmt":"2026-02-25T17:26:04","slug":"agregar","status":"publish","type":"page","link":"https:\/\/rutadelvino.proximamente.mx\/en\/agregar\/","title":{"rendered":"Agregar experiencia"},"content":{"rendered":"<div class=\"wpb-content-wrapper\"><div data-parent=\"true\" class=\"vc_row has-bg need-focus style-color-189923-bg row-container has-dividers boomapps_vcrow\" id=\"row-unique-0\"><div class=\"row-background background-element\">\n\t\t\t\t\t\t\t\t\t\t\t<div class=\"background-wrapper\">\n\t\t\t\t\t\t\t\t\t\t\t\t<div class=\"background-inner\" style=\"background-image: url(https:\/\/rutadelvino.proximamente.mx\/wp-content\/uploads\/2026\/02\/secForms-imgBg.png);background-repeat: no-repeat;background-position: center top;background-attachment: fixed;background-size: 100%;\"><\/div>\n\t\t\t\t\t\t\t\t\t\t\t\t\n\t\t\t\t\t\t\t\t\t\t\t<\/div>\n\t\t\t\t\t\t\t\t\t\t<\/div><div class=\"uncode-divider-wrap uncode-divider-wrap-bottom z_index_0\" style=\"height: 300px;\" data-height=\"300\" data-unit=\"px\"><svg version=\"1.1\" class=\"uncode-row-divider uncode-row-divider-gradient-strong\" x=\"0px\" y=\"0px\" width=\"240px\" height=\"24px\" viewbox=\"0 0 240 24\" enable-background=\"new 0 0 240 24\" xml:space=\"preserve\" preserveaspectratio=\"none\">\n\t\t\t<lineargradient id=\"svg-gradient-123462\" gradientunits=\"userSpaceOnUse\" x1=\"120\" y1=\"0\" x2=\"120\" y2=\"16\">\n\t\t\t\t<stop  offset=\"0\" style=\"stop-color:#d7b072;stop-opacity:0\"\/>\n\t\t\t\t<stop  offset=\"1\" style=\"stop-color:#d7b072\"\/>\n\t\t\t<\/lineargradient>\n\t\t\t<path fill=\"url(#svg-gradient-123462)\" d=\"M240,24V0H0v24H240z\"\/>\n\t\t\t<\/svg><\/div><div class=\"row col-no-gutter single-top-padding single-bottom-padding single-h-padding full-width row-parent\"><div class=\"wpb_row row-inner\"><div class=\"wpb_column pos-top pos-center align_left align_center_tablet align_left_mobile column_parent col-lg-12 boomapps_vccolumn half-internal-gutter\"><div class=\"uncol style-spec style-dark\"  ><div class=\"uncoltable\"><div class=\"uncell  boomapps_vccolumn\" ><div class=\"uncont no-block-padding col-custom-width\" style=\" max-width:70%;\" ><div class=\"icon-box icon-box-left\" ><div class=\"icon-box-icon fa-container\" ><span class=\"text-color-xsdn-color btn-disable-hover\"><i class=\"fa fa-circle-plus fa-4x fa-fw\"><\/i><\/span><\/div><div class=\"icon-box-content\"><div class=\"icon-box-heading icon-box-fa-4x\"><h4 class=\"font-weight-600 fontspace-189768\">NUEVAS<\/h4><\/div><\/div><\/div><div class=\"vc_custom_heading_wrap\"><div class=\"heading-text el-text heading-bigtext\" ><h1 class=\"bigtext fontheight-342286\" ><span>Experiences<\/span><\/h1><\/div><div class=\"clear\"><\/div><\/div><div class=\"vc_row row-internal row-container boomapps_vcrow\"><div class=\"row col-half-gutter row-child\"><div class=\"wpb_row row-inner\"><div class=\"wpb_column pos-bottom pos-right align_center align_center_tablet align_center_mobile column_child col-lg-6 boomapps_vccolumn no-internal-gutter z_index_2\"><div class=\"uncol style-light shift_y_neg_double shift_y_fixed shift_y_down_fixed\" ><div class=\"uncoltable\"><div class=\"uncell  boomapps_vccolumn no-block-padding    parallax-el\" data-rellax-percentage=\"0.5\" data-rellax-speed=\"3\"><div class=\"uncont\" style=\" max-width:35%;\" ><div class=\"uncode-single-media  text-center animate_when_almost_visible zoom-out\" data-speed=\"500\"><div class=\"single-wrapper\" style=\"max-width: 100%;\"><div class=\"tmb tmb-light  tmb-media-first tmb-media-last tmb-content-overlay tmb-no-bg\"><div class=\"t-inside\"><div class=\"t-entry-visual\"><div class=\"t-entry-visual-tc\"><div class=\"uncode-single-media-wrapper\"><img decoding=\"async\" class=\"wp-image-166483\" src=\"https:\/\/rutadelvino.proximamente.mx\/wp-content\/uploads\/2026\/02\/imgDecoUvas.png\" width=\"720\" height=\"810\" alt=\"\" srcset=\"https:\/\/rutadelvino.proximamente.mx\/wp-content\/uploads\/2026\/02\/imgDecoUvas.png 720w, https:\/\/rutadelvino.proximamente.mx\/wp-content\/uploads\/2026\/02\/imgDecoUvas-267x300.png 267w, https:\/\/rutadelvino.proximamente.mx\/wp-content\/uploads\/2026\/02\/imgDecoUvas-350x394.png 350w\" sizes=\"(max-width: 720px) 100vw, 720px\" \/><\/div>\n\t\t\t\t\t<\/div>\n\t\t\t\t<\/div><\/div><\/div><\/div><\/div><\/div><\/div><\/div><\/div><\/div><div class=\"wpb_column pos-top pos-right align_left column_child col-lg-6 boomapps_vccolumn no-internal-gutter\"><div class=\"uncol style-spec style-dark\" ><div class=\"uncoltable\"><div class=\"uncell  boomapps_vccolumn no-block-padding\" ><div class=\"uncont\" ><div class=\"uncode_text_column\" ><p>Detr\u00e1s de cada copa hay un lugar, un equipo y una historia que vale la pena contar.<\/p>\n<p>Si formas parte de la cadena de valor del vino en Guanajuato, aqu\u00ed puedes compartir tu espacio con viajeros que buscan algo aut\u00e9ntico. \u00danete y haz que tu experiencia sea parte del recorrido.<\/p>\n<\/div><\/div><\/div><\/div><\/div><\/div><\/div><\/div><\/div><\/div><\/div><\/div><\/div><\/div><script id=\"script-row-unique-0\" data-row=\"script-row-unique-0\" type=\"text\/javascript\" class=\"vc_controls\">UNCODE.initRow(document.getElementById(\"row-unique-0\"));<\/script><\/div><\/div><\/div><div data-parent=\"true\" class=\"vc_row has-bg need-focus style-color-189923-bg row-container boomapps_vcrow\" id=\"row-unique-1\"><div class=\"row col-half-gutter no-top-padding double-bottom-padding single-h-padding limit-width row-parent\"><div class=\"wpb_row row-inner\"><div class=\"wpb_column pos-top pos-center align_left column_parent col-lg-12 boomapps_vccolumn single-internal-gutter\"><div class=\"uncol style-light\"  ><div class=\"uncoltable\"><div class=\"uncell  boomapps_vccolumn triple-block-padding style-color-xsdn-bg has-bg unshadow-std unradius-lg\" ><div class=\"uncont\" ><div class=\"uncode_text_column\" ><div class=\"geodir-add-listing bsui sdel-503f4ad9\" ><div class=\"alert alert-info\" role=\"alert\" ><i class=\"fas fa-info-circle\"><\/i> You must login to post.<\/div><\/div>\n<\/div><\/div><\/div><\/div><\/div><\/div><script id=\"script-row-unique-1\" data-row=\"script-row-unique-1\" type=\"text\/javascript\" class=\"vc_controls\">UNCODE.initRow(document.getElementById(\"row-unique-1\"));<\/script><\/div><\/div><\/div>\n<\/div>","protected":false},"excerpt":{"rendered":"NUEVASExperiencias Detr\u00e1s de cada copa hay un lugar, un equipo y una historia que vale la pena contar. Si formas [...]","protected":false},"author":1,"featured_media":0,"parent":0,"menu_order":0,"comment_status":"closed","ping_status":"closed","template":"","meta":{"footnotes":""},"class_list":["post-11","page","type-page","status-publish","hentry"],"yoast_head":"<!-- This site is optimized with the Yoast SEO plugin v27.4 - https:\/\/yoast.com\/product\/yoast-seo-wordpress\/ -->\n<title>Agregar experiencia - Ruta del Vino<\/title>\n<meta name=\"robots\" content=\"index, follow, max-snippet:-1, max-image-preview:large, max-video-preview:-1\" \/>\n<link rel=\"canonical\" href=\"https:\/\/rutadelvino.proximamente.mx\/en\/agregar\/\" \/>\n<meta property=\"og:locale\" content=\"en_US\" \/>\n<meta property=\"og:type\" content=\"article\" \/>\n<meta property=\"og:title\" content=\"Agregar experiencia - Ruta del Vino\" \/>\n<meta property=\"og:url\" content=\"https:\/\/rutadelvino.proximamente.mx\/en\/agregar\/\" \/>\n<meta property=\"og:site_name\" content=\"Ruta del Vino\" \/>\n<meta property=\"article:publisher\" content=\"https:\/\/www.facebook.com\/rutadelvinoguanajuato\" \/>\n<meta property=\"article:modified_time\" content=\"2026-02-25T17:26:04+00:00\" \/>\n<meta name=\"twitter:card\" content=\"summary_large_image\" \/>\n<meta name=\"twitter:label1\" content=\"Est. reading time\" \/>\n\t<meta name=\"twitter:data1\" content=\"2 minutes\" \/>\n<script type=\"application\/ld+json\" class=\"yoast-schema-graph\">{\"@context\":\"https:\\\/\\\/schema.org\",\"@graph\":[{\"@type\":\"WebPage\",\"@id\":\"https:\\\/\\\/rutadelvino.proximamente.mx\\\/agregar\\\/\",\"url\":\"https:\\\/\\\/rutadelvino.proximamente.mx\\\/agregar\\\/\",\"name\":\"Agregar experiencia - Ruta del Vino\",\"isPartOf\":{\"@id\":\"https:\\\/\\\/rutadelvino.proximamente.mx\\\/#website\"},\"datePublished\":\"2025-07-15T01:40:34+00:00\",\"dateModified\":\"2026-02-25T17:26:04+00:00\",\"breadcrumb\":{\"@id\":\"https:\\\/\\\/rutadelvino.proximamente.mx\\\/agregar\\\/#breadcrumb\"},\"inLanguage\":\"en-US\",\"potentialAction\":[{\"@type\":\"ReadAction\",\"target\":[\"https:\\\/\\\/rutadelvino.proximamente.mx\\\/agregar\\\/\"]}]},{\"@type\":\"BreadcrumbList\",\"@id\":\"https:\\\/\\\/rutadelvino.proximamente.mx\\\/agregar\\\/#breadcrumb\",\"itemListElement\":[{\"@type\":\"ListItem\",\"position\":1,\"name\":\"Home\",\"item\":\"https:\\\/\\\/rutadelvino.proximamente.mx\\\/\"},{\"@type\":\"ListItem\",\"position\":2,\"name\":\"Agregar experiencia\"}]},{\"@type\":\"WebSite\",\"@id\":\"https:\\\/\\\/rutadelvino.proximamente.mx\\\/#website\",\"url\":\"https:\\\/\\\/rutadelvino.proximamente.mx\\\/\",\"name\":\"Ruta del Vino\",\"description\":\"Valle de la Independencia\",\"publisher\":{\"@id\":\"https:\\\/\\\/rutadelvino.proximamente.mx\\\/#organization\"},\"potentialAction\":[{\"@type\":\"SearchAction\",\"target\":{\"@type\":\"EntryPoint\",\"urlTemplate\":\"https:\\\/\\\/rutadelvino.proximamente.mx\\\/?s={search_term_string}\"},\"query-input\":{\"@type\":\"PropertyValueSpecification\",\"valueRequired\":true,\"valueName\":\"search_term_string\"}}],\"inLanguage\":\"en-US\"},{\"@type\":\"Organization\",\"@id\":\"https:\\\/\\\/rutadelvino.proximamente.mx\\\/#organization\",\"name\":\"Ruta del Vino\",\"url\":\"https:\\\/\\\/rutadelvino.proximamente.mx\\\/\",\"logo\":{\"@type\":\"ImageObject\",\"inLanguage\":\"en-US\",\"@id\":\"https:\\\/\\\/rutadelvino.proximamente.mx\\\/#\\\/schema\\\/logo\\\/image\\\/\",\"url\":\"https:\\\/\\\/rutadelvino.proximamente.mx\\\/wp-content\\\/uploads\\\/2026\\\/02\\\/logo-a.png\",\"contentUrl\":\"https:\\\/\\\/rutadelvino.proximamente.mx\\\/wp-content\\\/uploads\\\/2026\\\/02\\\/logo-a.png\",\"width\":512,\"height\":421,\"caption\":\"Ruta del Vino\"},\"image\":{\"@id\":\"https:\\\/\\\/rutadelvino.proximamente.mx\\\/#\\\/schema\\\/logo\\\/image\\\/\"},\"sameAs\":[\"https:\\\/\\\/www.facebook.com\\\/rutadelvinoguanajuato\",\"https:\\\/\\\/www.instagram.com\\\/rutadelvinoguanajuato\",\"https:\\\/\\\/www.tiktok.com\\\/@rutadelvinoguanajuato\"]}]}<\/script>\n<!-- \/ Yoast SEO plugin. -->","yoast_head_json":{"title":"Agregar experiencia - Ruta del Vino","robots":{"index":"index","follow":"follow","max-snippet":"max-snippet:-1","max-image-preview":"max-image-preview:large","max-video-preview":"max-video-preview:-1"},"canonical":"https:\/\/rutadelvino.proximamente.mx\/en\/agregar\/","og_locale":"en_US","og_type":"article","og_title":"Agregar experiencia - Ruta del Vino","og_url":"https:\/\/rutadelvino.proximamente.mx\/en\/agregar\/","og_site_name":"Ruta del Vino","article_publisher":"https:\/\/www.facebook.com\/rutadelvinoguanajuato","article_modified_time":"2026-02-25T17:26:04+00:00","twitter_card":"summary_large_image","twitter_misc":{"Est. reading time":"2 minutes"},"schema":{"@context":"https:\/\/schema.org","@graph":[{"@type":"WebPage","@id":"https:\/\/rutadelvino.proximamente.mx\/agregar\/","url":"https:\/\/rutadelvino.proximamente.mx\/agregar\/","name":"Agregar experiencia - Ruta del Vino","isPartOf":{"@id":"https:\/\/rutadelvino.proximamente.mx\/#website"},"datePublished":"2025-07-15T01:40:34+00:00","dateModified":"2026-02-25T17:26:04+00:00","breadcrumb":{"@id":"https:\/\/rutadelvino.proximamente.mx\/agregar\/#breadcrumb"},"inLanguage":"en-US","potentialAction":[{"@type":"ReadAction","target":["https:\/\/rutadelvino.proximamente.mx\/agregar\/"]}]},{"@type":"BreadcrumbList","@id":"https:\/\/rutadelvino.proximamente.mx\/agregar\/#breadcrumb","itemListElement":[{"@type":"ListItem","position":1,"name":"Home","item":"https:\/\/rutadelvino.proximamente.mx\/"},{"@type":"ListItem","position":2,"name":"Agregar experiencia"}]},{"@type":"WebSite","@id":"https:\/\/rutadelvino.proximamente.mx\/#website","url":"https:\/\/rutadelvino.proximamente.mx\/","name":"Wine Route","description":"Valle de la Independencia","publisher":{"@id":"https:\/\/rutadelvino.proximamente.mx\/#organization"},"potentialAction":[{"@type":"SearchAction","target":{"@type":"EntryPoint","urlTemplate":"https:\/\/rutadelvino.proximamente.mx\/?s={search_term_string}"},"query-input":{"@type":"PropertyValueSpecification","valueRequired":true,"valueName":"search_term_string"}}],"inLanguage":"en-US"},{"@type":"Organization","@id":"https:\/\/rutadelvino.proximamente.mx\/#organization","name":"Wine Route","url":"https:\/\/rutadelvino.proximamente.mx\/","logo":{"@type":"ImageObject","inLanguage":"en-US","@id":"https:\/\/rutadelvino.proximamente.mx\/#\/schema\/logo\/image\/","url":"https:\/\/rutadelvino.proximamente.mx\/wp-content\/uploads\/2026\/02\/logo-a.png","contentUrl":"https:\/\/rutadelvino.proximamente.mx\/wp-content\/uploads\/2026\/02\/logo-a.png","width":512,"height":421,"caption":"Ruta del Vino"},"image":{"@id":"https:\/\/rutadelvino.proximamente.mx\/#\/schema\/logo\/image\/"},"sameAs":["https:\/\/www.facebook.com\/rutadelvinoguanajuato","https:\/\/www.instagram.com\/rutadelvinoguanajuato","https:\/\/www.tiktok.com\/@rutadelvinoguanajuato"]}]}},"_links":{"self":[{"href":"https:\/\/rutadelvino.proximamente.mx\/en\/wp-json\/wp\/v2\/pages\/11","targetHints":{"allow":["GET"]}}],"collection":[{"href":"https:\/\/rutadelvino.proximamente.mx\/en\/wp-json\/wp\/v2\/pages"}],"about":[{"href":"https:\/\/rutadelvino.proximamente.mx\/en\/wp-json\/wp\/v2\/types\/page"}],"author":[{"embeddable":true,"href":"https:\/\/rutadelvino.proximamente.mx\/en\/wp-json\/wp\/v2\/users\/1"}],"replies":[{"embeddable":true,"href":"https:\/\/rutadelvino.proximamente.mx\/en\/wp-json\/wp\/v2\/comments?post=11"}],"version-history":[{"count":0,"href":"https:\/\/rutadelvino.proximamente.mx\/en\/wp-json\/wp\/v2\/pages\/11\/revisions"}],"wp:attachment":[{"href":"https:\/\/rutadelvino.proximamente.mx\/en\/wp-json\/wp\/v2\/media?parent=11"}],"curies":[{"name":"wp","href":"https:\/\/api.w.org\/{rel}","templated":true}]}}